{"id":14485,"date":"2023-05-29T12:23:18","date_gmt":"2023-05-29T12:23:18","guid":{"rendered":"https:\/\/www.solancis.com\/stone-origin\/"},"modified":"2025-07-07T00:13:16","modified_gmt":"2025-07-07T00:13:16","slug":"stone-origin","status":"publish","type":"page","link":"https:\/\/www.solancis.com\/fr\/stone-origin\/","title":{"rendered":"Origin"},"content":{"rendered":"<div class='blocks-data'><div><\/div><section class=\"banner-top full-width h-[280px] xs:h-[504px] -mt-[50px] relative z-[0] \">\n    \n        \n        <img decoding=\"async\" class=\"w-full h-full relative object-cover parallax\" src=\"https:\/\/www.solancis.com\/uploads\/2023\/09\/Banner-Header-Pedreiras.jpg\" alt=\"SOLANCIS - Pedreiras banner\" title=\"\" \/>\n        \n            <div class=\"flex flex-col absolute w-full justify-left top-[70px] xs:top-0\">\n            <div class=\"container mx-auto !my-0 xs:!mt-[166px]\">\n                <div>\n                    <h1 class=\"big-title text-[#ffffff]\">Origine<\/h1>\n                <\/div>\n            <\/div>\n        <\/div>\n    \n            <div class=\"flex flex-col absolute w-full justify-left left-0 bottom-[40px] xs:bottom-[66px]\">\n            <div class=\"container flex flex-col justify-center items-stretch text-center w-full\">\n                <div class=\"tabs flex gap-[12px] overflow-x-scroll\">\n                                            <div class=\"tab light-theme h-[48px] flex justify-between items-center\">\n\n                                                            <a class=\"w-full h-full flex justify-center items-center\" href=\"https:\/\/www.solancis.com\/fr\/quarries\/\">\n                            \n                                                                    <p class=\"p2 leading-[17px] tracking-[0.5px] px-[12px]\">Carri\u00e8res<\/p>\n                                                            \n                                                            <\/a>\n                            \n                        <\/div>\n                                            <div class=\"tab light-theme h-[48px] flex justify-between items-center active\">\n\n                                                            <a class=\"w-full h-full flex justify-center items-center\" href=\"https:\/\/www.solancis.com\/fr\/stone-origin\/\">\n                            \n                                                                    <p class=\"p2 leading-[17px] tracking-[0.5px] px-[12px]\">Origine<\/p>\n                                                            \n                                                            <\/a>\n                            \n                        <\/div>\n                                            <div class=\"tab light-theme h-[48px] flex justify-between items-center\">\n\n                                                            <a class=\"w-full h-full flex justify-center items-center\" href=\"https:\/\/www.solancis.com\/fr\/quarrying-process\/\">\n                            \n                                                                    <p class=\"p2 leading-[17px] tracking-[0.5px] px-[12px]\">Processus<\/p>\n                                                            \n                                                            <\/a>\n                            \n                        <\/div>\n                                    <\/div>\n            <\/div>\n        <\/div>\n    <\/section>\n<style>\nsection.banner-top .tabs::-webkit-scrollbar {\n    display: none;\n}\n<\/style>\n\n\n<div aria-hidden=\"true\" class=\"wp-block-fsb-flexible-spacer fsb-flexible-spacer bg-f8f6f2\"><div class=\"fsb-flexible-spacer__device fsb-flexible-spacer__device--lg\" style=\"height:124px\"><\/div><div class=\"fsb-flexible-spacer__device fsb-flexible-spacer__device--md\" style=\"height:124px\"><\/div><div class=\"fsb-flexible-spacer__device fsb-flexible-spacer__device--sm\" style=\"height:38px\"><\/div><\/div>\n\n\n<div class='blocks-data'><div><\/div><section id='' class=\"bloco-de-texto w-full bg-f8f6f2 padding-interior\">\n    <div class=\"container text-center max-w-[900px]\">\n        \n                            <p class=\"p3 !leading-[16px] mb-[10px] xs:mb-[12px] sub-title\">ORIGINE DE LA PIERRE<\/p>\n            \n                                    <h2 class=\"leading-[34px]  h1 break-words\">Le processus de formation <br>du calcaire portugais le rend <br>unique et tr\u00e8s recherch\u00e9 dans <br>le monde entier\u00a0!<\/h2>\n                    <\/div>\n\n    \n<\/section>\n<script>\n    jQuery(document).ready(function($) {\n\n        $('.btn-share-wrapper').hover(function(e) {\n            $(this).addClass('onHover');\n        }, function() {\n            $(this).removeClass('onHover');\n        });\n\n    });\n<\/script>\n\n\n<div style=\"height:100px\" aria-hidden=\"true\" class=\"wp-block-spacer bg-f8f6f2\"><\/div>\n\n\n\n<div class=\"wp-block-columns wrapper-columns-multimedia bg-f8f6f2 justify-center is-layout-flex wp-container-core-columns-is-layout-9d6595d7 wp-block-columns-is-layout-flex\">\n<div class=\"wp-block-column container is-layout-constrained wp-block-column-is-layout-constrained\">\n<div class=\"wp-block-group alignwide container is-layout-constrained wp-block-group-is-layout-constrained\">\n<div class=\"wp-block-columns alignwide are-vertically-aligned-top container has-background is-layout-flex wp-container-core-columns-is-layout-9d6595d7 wp-block-columns-is-layout-flex\" style=\"background-color:#f8f6f2\">\n<div class=\"wp-block-column is-layout-flow wp-block-column-is-layout-flow\"><\/div>\n\n\n\n<div class=\"wp-block-column is-layout-flow wp-block-column-is-layout-flow\">\n<p>Les carri\u00e8res SOLANCIS\u00ae sont situ\u00e9es dans le plus important gisement de formations calcaires du Portugal\u00a0: le Massif Calcaire d&rsquo;Estr\u00e9madure (MCE). Ce massif calcaire de 800\u00a0km\u00b2 s&rsquo;\u00e9tend au centre du pays, \u00e0 environ 90\u00a0kilom\u00e8tres de Lisbonne et 30\u00a0kilom\u00e8tres de la mer.<\/p>\n<\/div>\n<\/div>\n<\/div>\n<\/div>\n<\/div>\n\n\n\n<div style=\"height:124px\" aria-hidden=\"true\" class=\"wp-block-spacer bg-f8f6f2\"><\/div>\n\n\n\n<div style=\"height:124px\" aria-hidden=\"true\" class=\"wp-block-spacer\"><\/div>\n\n\n<div class='blocks-data'><div><\/div><section class=\"items-with-links padding-interior\">\n    <div class=\"container\">\n                    <div class=\"items grid grid-cols-1 sm:grid-cols-3 flex gap-[46px]\">\n                \n                    <div>\n                                                                                    <p class=\"p3 !leading-[16px] mb-[20px]\">\n                                    <a class=\"item-link flex items-center gap-[4px]\" href=\"https:\/\/www.solancis.com\/fr\/quarries\/\">CARRI\u00c8RES                                        <svg width=\"24px\" height=\"24px\" viewBox=\"0 0 24 24\" version=\"1.1\" xmlns=\"http:\/\/www.w3.org\/2000\/svg\" xmlns:xlink=\"http:\/\/www.w3.org\/1999\/xlink\">\n                                            <defs>\n                                                <path d=\"M5.25,-3.55271368e-15 C5.25580993,-3.55271368e-15 5.26160442,6.6062614e-05 5.26738278,0.000197477645 C5.28746552,0.00066463196 5.30746806,0.00192429453 5.32740395,0.0039807048 C5.34791564,0.0060631471 5.36766744,0.00891107124 5.38715509,0.0125123797 C5.39803282,0.0145758178 5.4097261,0.0170146793 5.42136702,0.0197347182 C5.4448272,0.0251708511 5.46728345,0.0315793494 5.48928365,0.0389803082 C5.49909131,0.0423030091 5.50945649,0.0460284815 5.51975191,0.0499893289 C5.53909421,0.0574495235 5.55751392,0.065445 5.57553283,0.0741398414 C5.58999086,0.0810584292 5.60462442,0.0887019005 5.61904532,0.0968608111 C5.63650806,0.10681304 5.65365806,0.117461256 5.67032907,0.128762902 C5.70893181,0.154837793 5.74588908,0.185228913 5.78033009,0.219669914 L5.70161925,0.151164754 L5.78033009,0.219669914 L10.2803301,4.71966991 C10.5732233,5.01256313 10.5732233,5.48743687 10.2803301,5.78033009 C9.98743687,6.0732233 9.51256313,6.0732233 9.21966991,5.78033009 L6,2.56 L6,12.75 C6,13.1296958 5.71784612,13.443491 5.35177056,13.4931534 L5.25,13.5 C4.83578644,13.5 4.5,13.1642136 4.5,12.75 L4.5,2.56 L1.28033009,5.78033009 C1.01406352,6.04659665 0.597399841,6.0708027 0.303788347,5.85294824 L0.219669914,5.78033009 C-0.0732233047,5.48743687 -0.0732233047,5.01256313 0.219669914,4.71966991 L4.71966991,0.219669914 L4.79169736,0.156271921 C4.80887091,0.143175717 4.81933877,0.135685318 4.82994996,0.128496553 C4.84634194,0.117461256 4.86349194,0.10681304 4.88108416,0.0968550425 C4.89537558,0.0887019005 4.91000914,0.0810584292 4.92482849,0.0739303972 C4.94248608,0.065445 4.96090579,0.0574495235 4.97969108,0.0501886403 C4.99054351,0.0460284815 5.00090869,0.0423030091 5.01133534,0.0388129116 C5.03271655,0.0315793494 5.0551728,0.0251708511 5.07803188,0.0198080346 C5.0902739,0.0170146793 5.10196718,0.0145758178 5.113702,0.0124181339 C5.15731196,0.00429488747 5.20315442,-3.55271368e-15 5.25,-3.55271368e-15 L5.17259605,0.0039807048 C5.19286288,0.00189015779 5.21319859,0.000623030316 5.23354891,0.000179322379 Z\" id=\"path-1\"><\/path>\n                                            <\/defs>\n                                            <g id=\"icn-arrow-action\" stroke=\"none\" stroke-width=\"1\" fill=\"none\" fill-rule=\"evenodd\">\n                                                <g id=\"arrow-up\" transform=\"translate(12.000000, 12.000000) rotate(-315.000000) translate(-12.000000, -12.000000) translate(6.750000, 5.250000)\">\n                                                    <mask id=\"mask-2\" fill=\"white\">\n                                                        <use xlink:href=\"#path-1\"><\/use>\n                                                    <\/mask>\n                                                    <use id=\"Combined-Shape\" fill=\"#000000\" fill-rule=\"nonzero\" xlink:href=\"#path-1\"><\/use>\n                                                <\/g>\n                                            <\/g>\n                                        <\/svg>\n                                    <\/a>\n                                <\/p>\n                                                    \n\n                                                                                    <p class=\"p2 !leading-[24px] tracking-[0.5px] text-[#8E9093]\">\n                                    <a class=\"item-link\" href=\"https:\/\/www.solancis.com\/fr\/quarries\/\">\n                                        D\u00e9couvrez les Carri\u00e8res SOLANCIS\u00ae, d&#039;o\u00f9 provient le vaste portefeuille de Pierres et la capacit\u00e9 de livraison pour chaque Projet !                                    <\/a>\n                                <\/p>\n                            \n                                            <\/div>\n\n                \n                    <div>\n                                                                                    <p class=\"p3 !leading-[16px] mb-[20px]\">\n                                    <a class=\"item-link flex items-center gap-[4px]\" href=\"https:\/\/www.solancis.com\/fr\/quarrying-process\/\">PROCESSUS                                        <svg width=\"24px\" height=\"24px\" viewBox=\"0 0 24 24\" version=\"1.1\" xmlns=\"http:\/\/www.w3.org\/2000\/svg\" xmlns:xlink=\"http:\/\/www.w3.org\/1999\/xlink\">\n                                            <defs>\n                                                <path d=\"M5.25,-3.55271368e-15 C5.25580993,-3.55271368e-15 5.26160442,6.6062614e-05 5.26738278,0.000197477645 C5.28746552,0.00066463196 5.30746806,0.00192429453 5.32740395,0.0039807048 C5.34791564,0.0060631471 5.36766744,0.00891107124 5.38715509,0.0125123797 C5.39803282,0.0145758178 5.4097261,0.0170146793 5.42136702,0.0197347182 C5.4448272,0.0251708511 5.46728345,0.0315793494 5.48928365,0.0389803082 C5.49909131,0.0423030091 5.50945649,0.0460284815 5.51975191,0.0499893289 C5.53909421,0.0574495235 5.55751392,0.065445 5.57553283,0.0741398414 C5.58999086,0.0810584292 5.60462442,0.0887019005 5.61904532,0.0968608111 C5.63650806,0.10681304 5.65365806,0.117461256 5.67032907,0.128762902 C5.70893181,0.154837793 5.74588908,0.185228913 5.78033009,0.219669914 L5.70161925,0.151164754 L5.78033009,0.219669914 L10.2803301,4.71966991 C10.5732233,5.01256313 10.5732233,5.48743687 10.2803301,5.78033009 C9.98743687,6.0732233 9.51256313,6.0732233 9.21966991,5.78033009 L6,2.56 L6,12.75 C6,13.1296958 5.71784612,13.443491 5.35177056,13.4931534 L5.25,13.5 C4.83578644,13.5 4.5,13.1642136 4.5,12.75 L4.5,2.56 L1.28033009,5.78033009 C1.01406352,6.04659665 0.597399841,6.0708027 0.303788347,5.85294824 L0.219669914,5.78033009 C-0.0732233047,5.48743687 -0.0732233047,5.01256313 0.219669914,4.71966991 L4.71966991,0.219669914 L4.79169736,0.156271921 C4.80887091,0.143175717 4.81933877,0.135685318 4.82994996,0.128496553 C4.84634194,0.117461256 4.86349194,0.10681304 4.88108416,0.0968550425 C4.89537558,0.0887019005 4.91000914,0.0810584292 4.92482849,0.0739303972 C4.94248608,0.065445 4.96090579,0.0574495235 4.97969108,0.0501886403 C4.99054351,0.0460284815 5.00090869,0.0423030091 5.01133534,0.0388129116 C5.03271655,0.0315793494 5.0551728,0.0251708511 5.07803188,0.0198080346 C5.0902739,0.0170146793 5.10196718,0.0145758178 5.113702,0.0124181339 C5.15731196,0.00429488747 5.20315442,-3.55271368e-15 5.25,-3.55271368e-15 L5.17259605,0.0039807048 C5.19286288,0.00189015779 5.21319859,0.000623030316 5.23354891,0.000179322379 Z\" id=\"path-1\"><\/path>\n                                            <\/defs>\n                                            <g id=\"icn-arrow-action\" stroke=\"none\" stroke-width=\"1\" fill=\"none\" fill-rule=\"evenodd\">\n                                                <g id=\"arrow-up\" transform=\"translate(12.000000, 12.000000) rotate(-315.000000) translate(-12.000000, -12.000000) translate(6.750000, 5.250000)\">\n                                                    <mask id=\"mask-2\" fill=\"white\">\n                                                        <use xlink:href=\"#path-1\"><\/use>\n                                                    <\/mask>\n                                                    <use id=\"Combined-Shape\" fill=\"#000000\" fill-rule=\"nonzero\" xlink:href=\"#path-1\"><\/use>\n                                                <\/g>\n                                            <\/g>\n                                        <\/svg>\n                                    <\/a>\n                                <\/p>\n                                                    \n\n                                                                                    <p class=\"p2 !leading-[24px] tracking-[0.5px] text-[#8E9093]\">\n                                    <a class=\"item-link\" href=\"https:\/\/www.solancis.com\/fr\/quarrying-process\/\">\n                                        La classification rigoureuse des mat\u00e9riaux est d\u00e9finie par les ing\u00e9nieurs g\u00e9ologues de Solancis\u00ae, activant le passeport de chaque pierre.                                    <\/a>\n                                <\/p>\n                            \n                                            <\/div>\n\n                            <\/div>\n            <\/div>\n<\/section>\n\n\n<div style=\"height:100px\" aria-hidden=\"true\" class=\"wp-block-spacer\"><\/div>\n\n    <div class=\"xs_social_share_widget xs_share_url after_content \t\tmain_content  wslu-style-1 wslu-share-box-shaped wslu-fill-colored wslu-none wslu-share-horizontal wslu-theme-font-no wslu-main_content\">\n\n\t\t\n        <ul>\n\t\t\t        <\/ul>\n    <\/div> \n","protected":false},"excerpt":{"rendered":"<p>Les carri\u00e8res SOLANCIS\u00ae sont situ\u00e9es dans le plus important gisement de formations calcaires du Portugal\u00a0: le Massif Calcaire d&rsquo;Estr\u00e9madure (MCE). Ce massif calcaire de 800\u00a0km\u00b2 s&rsquo;\u00e9tend au centre du pays, \u00e0 environ 90\u00a0kilom\u00e8tres de Lisbonne et 30\u00a0kilom\u00e8tres de la mer.<\/p>\n","protected":false},"author":27,"featured_media":8959,"parent":0,"menu_order":207,"comment_status":"closed","ping_status":"closed","template":"","meta":{"footnotes":""},"class_list":["post-14485","page","type-page","status-publish","has-post-thumbnail","hentry"],"acf":[],"yoast_head":"<!-- This site is optimized with the Yoast SEO plugin v27.3 - https:\/\/yoast.com\/product\/yoast-seo-wordpress\/ -->\n<title>The Origin of the Stone &#8226; SOLANCIS - Natural Stone from Portugal - Dimensional Projects On Demand<\/title>\n<meta name=\"description\" content=\"Les carri\u00e8res SOLANCIS\u00ae sont situ\u00e9es dans le plus important gisement de formations calcaires du Portugal\u00a0: le Massif Calcaire d&#039;Estr\u00e9madure (MCE). Ce\" \/>\n<meta name=\"robots\" content=\"index, follow, max-snippet:-1, max-image-preview:large, max-video-preview:-1\" \/>\n<link rel=\"canonical\" href=\"https:\/\/www.solancis.com\/fr\/stone-origin\/\" \/>\n<meta property=\"og:locale\" content=\"fr_FR\" \/>\n<meta property=\"og:type\" content=\"article\" \/>\n<meta property=\"og:title\" content=\"The Origin of the Stone &#8226; SOLANCIS - Natural Stone from Portugal - Dimensional Projects On Demand\" \/>\n<meta property=\"og:description\" content=\"Les carri\u00e8res SOLANCIS\u00ae sont situ\u00e9es dans le plus important gisement de formations calcaires du Portugal\u00a0: le Massif Calcaire d&#039;Estr\u00e9madure (MCE). Ce\" \/>\n<meta property=\"og:url\" content=\"https:\/\/www.solancis.com\/fr\/stone-origin\/\" \/>\n<meta property=\"og:site_name\" content=\"SOLANCIS - Natural Stone from Portugal - Dimensional Projects On Demand\" \/>\n<meta property=\"article:publisher\" content=\"https:\/\/www.facebook.com\/@Solancis.Limestone.Portugal\" \/>\n<meta property=\"article:modified_time\" content=\"2025-07-07T00:13:16+00:00\" \/>\n<meta property=\"og:image\" content=\"https:\/\/www.solancis.com\/uploads\/2023\/09\/Shared-Image-Pedreiras.jpg\" \/>\n\t<meta property=\"og:image:width\" content=\"1200\" \/>\n\t<meta property=\"og:image:height\" content=\"628\" \/>\n\t<meta property=\"og:image:type\" content=\"image\/jpeg\" \/>\n<meta name=\"twitter:card\" content=\"summary_large_image\" \/>\n<meta name=\"twitter:label1\" content=\"Dur\u00e9e de lecture estim\u00e9e\" \/>\n\t<meta name=\"twitter:data1\" content=\"1 minute\" \/>\n<script type=\"application\/ld+json\" class=\"yoast-schema-graph\">{\"@context\":\"https:\\\/\\\/schema.org\",\"@graph\":[{\"@type\":\"WebPage\",\"@id\":\"https:\\\/\\\/www.solancis.com\\\/fr\\\/stone-origin\\\/\",\"url\":\"https:\\\/\\\/www.solancis.com\\\/fr\\\/stone-origin\\\/\",\"name\":\"The Origin of the Stone &#8226; SOLANCIS - Natural Stone from Portugal - Dimensional Projects On Demand\",\"isPartOf\":{\"@id\":\"https:\\\/\\\/www.solancis.com\\\/fr\\\/#website\"},\"primaryImageOfPage\":{\"@id\":\"https:\\\/\\\/www.solancis.com\\\/fr\\\/stone-origin\\\/#primaryimage\"},\"image\":{\"@id\":\"https:\\\/\\\/www.solancis.com\\\/fr\\\/stone-origin\\\/#primaryimage\"},\"thumbnailUrl\":\"https:\\\/\\\/www.solancis.com\\\/uploads\\\/2023\\\/09\\\/Shared-Image-Pedreiras.jpg\",\"datePublished\":\"2023-05-29T12:23:18+00:00\",\"dateModified\":\"2025-07-07T00:13:16+00:00\",\"description\":\"Les carri\u00e8res SOLANCIS\u00ae sont situ\u00e9es dans le plus important gisement de formations calcaires du Portugal\u00a0: le Massif Calcaire d'Estr\u00e9madure (MCE). Ce\",\"breadcrumb\":{\"@id\":\"https:\\\/\\\/www.solancis.com\\\/fr\\\/stone-origin\\\/#breadcrumb\"},\"inLanguage\":\"fr-FR\",\"potentialAction\":[{\"@type\":\"ReadAction\",\"target\":[\"https:\\\/\\\/www.solancis.com\\\/fr\\\/stone-origin\\\/\"]}]},{\"@type\":\"ImageObject\",\"inLanguage\":\"fr-FR\",\"@id\":\"https:\\\/\\\/www.solancis.com\\\/fr\\\/stone-origin\\\/#primaryimage\",\"url\":\"https:\\\/\\\/www.solancis.com\\\/uploads\\\/2023\\\/09\\\/Shared-Image-Pedreiras.jpg\",\"contentUrl\":\"https:\\\/\\\/www.solancis.com\\\/uploads\\\/2023\\\/09\\\/Shared-Image-Pedreiras.jpg\",\"width\":1200,\"height\":628},{\"@type\":\"BreadcrumbList\",\"@id\":\"https:\\\/\\\/www.solancis.com\\\/fr\\\/stone-origin\\\/#breadcrumb\",\"itemListElement\":[{\"@type\":\"ListItem\",\"position\":1,\"name\":\"Accueil\",\"item\":\"https:\\\/\\\/www.solancis.com\\\/fr\\\/\"},{\"@type\":\"ListItem\",\"position\":2,\"name\":\"Origin\"}]},{\"@type\":\"WebSite\",\"@id\":\"https:\\\/\\\/www.solancis.com\\\/fr\\\/#website\",\"url\":\"https:\\\/\\\/www.solancis.com\\\/fr\\\/\",\"name\":\"SOLANCIS\",\"description\":\"Portuguese Natural Stone . Tradition and Technology since 1969\",\"publisher\":{\"@id\":\"https:\\\/\\\/www.solancis.com\\\/fr\\\/#organization\"},\"potentialAction\":[{\"@type\":\"SearchAction\",\"target\":{\"@type\":\"EntryPoint\",\"urlTemplate\":\"https:\\\/\\\/www.solancis.com\\\/fr\\\/?s={search_term_string}\"},\"query-input\":{\"@type\":\"PropertyValueSpecification\",\"valueRequired\":true,\"valueName\":\"search_term_string\"}}],\"inLanguage\":\"fr-FR\"},{\"@type\":\"Organization\",\"@id\":\"https:\\\/\\\/www.solancis.com\\\/fr\\\/#organization\",\"name\":\"SOLANCIS - Sociedade Exploradora de Pedreiras SA\",\"url\":\"https:\\\/\\\/www.solancis.com\\\/fr\\\/\",\"logo\":{\"@type\":\"ImageObject\",\"inLanguage\":\"fr-FR\",\"@id\":\"https:\\\/\\\/www.solancis.com\\\/fr\\\/#\\\/schema\\\/logo\\\/image\\\/\",\"url\":\"https:\\\/\\\/www.solancis.com\\\/uploads\\\/2023\\\/05\\\/Solancis-Logotipo-Simbolo.svg\",\"contentUrl\":\"https:\\\/\\\/www.solancis.com\\\/uploads\\\/2023\\\/05\\\/Solancis-Logotipo-Simbolo.svg\",\"caption\":\"SOLANCIS - Sociedade Exploradora de Pedreiras SA\"},\"image\":{\"@id\":\"https:\\\/\\\/www.solancis.com\\\/fr\\\/#\\\/schema\\\/logo\\\/image\\\/\"},\"sameAs\":[\"https:\\\/\\\/www.facebook.com\\\/@Solancis.Limestone.Portugal\",\"https:\\\/\\\/www.linkedin.com\\\/company\\\/solancis-limestone-portugal\\\/\",\"https:\\\/\\\/www.instagram.com\\\/solancis_sa\\\/\",\"https:\\\/\\\/pt.pinterest.com\\\/solancis_limestone_portugal\\\/\"]}]}<\/script>\n<!-- \/ Yoast SEO plugin. -->","yoast_head_json":{"title":"The Origin of the Stone &#8226; SOLANCIS - Natural Stone from Portugal - Dimensional Projects On Demand","description":"Les carri\u00e8res SOLANCIS\u00ae sont situ\u00e9es dans le plus important gisement de formations calcaires du Portugal\u00a0: le Massif Calcaire d'Estr\u00e9madure (MCE). Ce","robots":{"index":"index","follow":"follow","max-snippet":"max-snippet:-1","max-image-preview":"max-image-preview:large","max-video-preview":"max-video-preview:-1"},"canonical":"https:\/\/www.solancis.com\/fr\/stone-origin\/","og_locale":"fr_FR","og_type":"article","og_title":"The Origin of the Stone &#8226; SOLANCIS - Natural Stone from Portugal - Dimensional Projects On Demand","og_description":"Les carri\u00e8res SOLANCIS\u00ae sont situ\u00e9es dans le plus important gisement de formations calcaires du Portugal\u00a0: le Massif Calcaire d'Estr\u00e9madure (MCE). Ce","og_url":"https:\/\/www.solancis.com\/fr\/stone-origin\/","og_site_name":"SOLANCIS - Natural Stone from Portugal - Dimensional Projects On Demand","article_publisher":"https:\/\/www.facebook.com\/@Solancis.Limestone.Portugal","article_modified_time":"2025-07-07T00:13:16+00:00","og_image":[{"width":1200,"height":628,"url":"https:\/\/www.solancis.com\/uploads\/2023\/09\/Shared-Image-Pedreiras.jpg","type":"image\/jpeg"}],"twitter_card":"summary_large_image","twitter_misc":{"Dur\u00e9e de lecture estim\u00e9e":"1 minute"},"schema":{"@context":"https:\/\/schema.org","@graph":[{"@type":"WebPage","@id":"https:\/\/www.solancis.com\/fr\/stone-origin\/","url":"https:\/\/www.solancis.com\/fr\/stone-origin\/","name":"The Origin of the Stone &#8226; SOLANCIS - Natural Stone from Portugal - Dimensional Projects On Demand","isPartOf":{"@id":"https:\/\/www.solancis.com\/fr\/#website"},"primaryImageOfPage":{"@id":"https:\/\/www.solancis.com\/fr\/stone-origin\/#primaryimage"},"image":{"@id":"https:\/\/www.solancis.com\/fr\/stone-origin\/#primaryimage"},"thumbnailUrl":"https:\/\/www.solancis.com\/uploads\/2023\/09\/Shared-Image-Pedreiras.jpg","datePublished":"2023-05-29T12:23:18+00:00","dateModified":"2025-07-07T00:13:16+00:00","description":"Les carri\u00e8res SOLANCIS\u00ae sont situ\u00e9es dans le plus important gisement de formations calcaires du Portugal\u00a0: le Massif Calcaire d'Estr\u00e9madure (MCE). Ce","breadcrumb":{"@id":"https:\/\/www.solancis.com\/fr\/stone-origin\/#breadcrumb"},"inLanguage":"fr-FR","potentialAction":[{"@type":"ReadAction","target":["https:\/\/www.solancis.com\/fr\/stone-origin\/"]}]},{"@type":"ImageObject","inLanguage":"fr-FR","@id":"https:\/\/www.solancis.com\/fr\/stone-origin\/#primaryimage","url":"https:\/\/www.solancis.com\/uploads\/2023\/09\/Shared-Image-Pedreiras.jpg","contentUrl":"https:\/\/www.solancis.com\/uploads\/2023\/09\/Shared-Image-Pedreiras.jpg","width":1200,"height":628},{"@type":"BreadcrumbList","@id":"https:\/\/www.solancis.com\/fr\/stone-origin\/#breadcrumb","itemListElement":[{"@type":"ListItem","position":1,"name":"Accueil","item":"https:\/\/www.solancis.com\/fr\/"},{"@type":"ListItem","position":2,"name":"Origin"}]},{"@type":"WebSite","@id":"https:\/\/www.solancis.com\/fr\/#website","url":"https:\/\/www.solancis.com\/fr\/","name":"SOLANCIS","description":"Portuguese Natural Stone . Tradition and Technology since 1969","publisher":{"@id":"https:\/\/www.solancis.com\/fr\/#organization"},"potentialAction":[{"@type":"SearchAction","target":{"@type":"EntryPoint","urlTemplate":"https:\/\/www.solancis.com\/fr\/?s={search_term_string}"},"query-input":{"@type":"PropertyValueSpecification","valueRequired":true,"valueName":"search_term_string"}}],"inLanguage":"fr-FR"},{"@type":"Organization","@id":"https:\/\/www.solancis.com\/fr\/#organization","name":"SOLANCIS - Sociedade Exploradora de Pedreiras SA","url":"https:\/\/www.solancis.com\/fr\/","logo":{"@type":"ImageObject","inLanguage":"fr-FR","@id":"https:\/\/www.solancis.com\/fr\/#\/schema\/logo\/image\/","url":"https:\/\/www.solancis.com\/uploads\/2023\/05\/Solancis-Logotipo-Simbolo.svg","contentUrl":"https:\/\/www.solancis.com\/uploads\/2023\/05\/Solancis-Logotipo-Simbolo.svg","caption":"SOLANCIS - Sociedade Exploradora de Pedreiras SA"},"image":{"@id":"https:\/\/www.solancis.com\/fr\/#\/schema\/logo\/image\/"},"sameAs":["https:\/\/www.facebook.com\/@Solancis.Limestone.Portugal","https:\/\/www.linkedin.com\/company\/solancis-limestone-portugal\/","https:\/\/www.instagram.com\/solancis_sa\/","https:\/\/pt.pinterest.com\/solancis_limestone_portugal\/"]}]}},"_links":{"self":[{"href":"https:\/\/www.solancis.com\/fr\/wp-json\/wp\/v2\/pages\/14485","targetHints":{"allow":["GET"]}}],"collection":[{"href":"https:\/\/www.solancis.com\/fr\/wp-json\/wp\/v2\/pages"}],"about":[{"href":"https:\/\/www.solancis.com\/fr\/wp-json\/wp\/v2\/types\/page"}],"author":[{"embeddable":true,"href":"https:\/\/www.solancis.com\/fr\/wp-json\/wp\/v2\/users\/27"}],"replies":[{"embeddable":true,"href":"https:\/\/www.solancis.com\/fr\/wp-json\/wp\/v2\/comments?post=14485"}],"version-history":[{"count":5,"href":"https:\/\/www.solancis.com\/fr\/wp-json\/wp\/v2\/pages\/14485\/revisions"}],"predecessor-version":[{"id":14510,"href":"https:\/\/www.solancis.com\/fr\/wp-json\/wp\/v2\/pages\/14485\/revisions\/14510"}],"wp:featuredmedia":[{"embeddable":true,"href":"https:\/\/www.solancis.com\/fr\/wp-json\/wp\/v2\/media\/8959"}],"wp:attachment":[{"href":"https:\/\/www.solancis.com\/fr\/wp-json\/wp\/v2\/media?parent=14485"}],"curies":[{"name":"wp","href":"https:\/\/api.w.org\/{rel}","templated":true}]}}